{"id":19437,"date":"2024-10-19T03:24:31","date_gmt":"2024-10-19T02:24:31","guid":{"rendered":"https:\/\/www.noblissime.ch\/conditions-dutilisation\/"},"modified":"2024-12-11T11:23:27","modified_gmt":"2024-12-11T11:23:27","slug":"conditions-dutilisation","status":"publish","type":"page","link":"https:\/\/www.noblissime.ch\/fr\/conditions-dutilisation\/","title":{"rendered":"Conditions d&#8217;utilisation"},"content":{"rendered":"\n<p><\/p>\n\n<h1 class=\"wp-block-heading has-text-align-center\">Conditions d&#8217;utilisation<\/h1>\n\n<p><\/p>\n\n<p class=\"has-text-align-center\"><strong>Article 1 &#8211; Objet<br\/><\/strong>Le site NOBLISSIME SA permet aux utilisateurs de consulter des annonces immobili\u00e8res et de contacter la soci\u00e9t\u00e9 pour obtenir des informations compl\u00e9mentaires ou organiser des visites.<\/p>\n\n<p class=\"has-text-align-center\"><strong>Article 2 &#8211; Acc\u00e8s au site<br\/><\/strong>L&#8217;acc\u00e8s au site est gratuit. Les utilisateurs sont libres de parcourir les pages des biens publi\u00e9s sans cr\u00e9er de compte. <\/p>\n\n<p class=\"has-text-align-center\"><strong>Article 3 &#8211; Propri\u00e9t\u00e9 intellectuelle<br\/><\/strong>L&#8217;ensemble du contenu de ce site, y compris les textes, photos, logos et graphiques, sont la propri\u00e9t\u00e9 exclusive de NOBLISSIME SA. Toute reproduction, distribution ou utilisation sans notre autorisation pr\u00e9alable est strictement interdite. <\/p>\n\n<p class=\"has-text-align-center\"><strong>Article 4 &#8211; Responsabilit\u00e9<br\/><\/strong>NOBLISSIME SA s&#8217;efforce de fournir des informations exactes et mises \u00e0 jour. Toutefois, nous ne garantissons pas l&#8217;exactitude des informations pr\u00e9sent\u00e9es sur le site, notamment en ce qui concerne les caract\u00e9ristiques des biens immobiliers.<br\/>Nous d\u00e9clinons toute responsabilit\u00e9 en cas d&#8217;erreur ou d&#8217;omission et en cas d&#8217;indisponibilit\u00e9 temporaire du site. <\/p>\n\n<p class=\"has-text-align-center\"><strong>Article 5 &#8211; Protection des donn\u00e9es<br\/><\/strong>En utilisant notre site et nos services, vous acceptez notre politique de confidentialit\u00e9 disponible \u00e0 l&#8217;adresse [here].<\/p>\n\n<p class=\"has-text-align-center\"><strong>Article 6 &#8211; Droit applicable et for<br\/><\/strong>Les pr\u00e9sentes CGU sont r\u00e9gies par le droit suisse. En cas de litige, les parties conviennent de soumettre le diff\u00e9rend au tribunal comp\u00e9tent de Fribourg. <\/p>\n","protected":false},"excerpt":{"rendered":"<p>Conditions d&#8217;utilisation Article 1 &#8211; ObjetLe site NOBLISSIME SA permet aux utilisateurs de consulter des annonces immobili\u00e8res et de contacter la soci\u00e9t\u00e9 pour obtenir des informations compl\u00e9mentaires ou organiser des visites. Article 2 &#8211; Acc\u00e8s au siteL&#8217;acc\u00e8s au site est gratuit. Les utilisateurs sont libres de parcourir les pages des biens publi\u00e9s sans cr\u00e9er de [&hellip;]<\/p>\n","protected":false},"author":1,"featured_media":0,"parent":0,"menu_order":0,"comment_status":"closed","ping_status":"closed","template":"template\/template-onepage.php","meta":{"footnotes":""},"class_list":["post-19437","page","type-page","status-publish","hentry"],"_links":{"self":[{"href":"https:\/\/www.noblissime.ch\/fr\/wp-json\/wp\/v2\/pages\/19437","targetHints":{"allow":["GET"]}}],"collection":[{"href":"https:\/\/www.noblissime.ch\/fr\/wp-json\/wp\/v2\/pages"}],"about":[{"href":"https:\/\/www.noblissime.ch\/fr\/wp-json\/wp\/v2\/types\/page"}],"author":[{"embeddable":true,"href":"https:\/\/www.noblissime.ch\/fr\/wp-json\/wp\/v2\/users\/1"}],"replies":[{"embeddable":true,"href":"https:\/\/www.noblissime.ch\/fr\/wp-json\/wp\/v2\/comments?post=19437"}],"version-history":[{"count":6,"href":"https:\/\/www.noblissime.ch\/fr\/wp-json\/wp\/v2\/pages\/19437\/revisions"}],"predecessor-version":[{"id":19965,"href":"https:\/\/www.noblissime.ch\/fr\/wp-json\/wp\/v2\/pages\/19437\/revisions\/19965"}],"wp:attachment":[{"href":"https:\/\/www.noblissime.ch\/fr\/wp-json\/wp\/v2\/media?parent=19437"}],"curies":[{"name":"wp","href":"https:\/\/api.w.org\/{rel}","templated":true}]}}