{"id":19438,"date":"2024-10-19T03:23:12","date_gmt":"2024-10-19T02:23:12","guid":{"rendered":"https:\/\/www.noblissime.ch\/politique-de-confidentialite\/"},"modified":"2024-10-24T13:05:15","modified_gmt":"2024-10-24T12:05:15","slug":"politique-de-confidentialite","status":"publish","type":"page","link":"https:\/\/www.noblissime.ch\/fr\/politique-de-confidentialite\/","title":{"rendered":"Politique de confidentialit\u00e9"},"content":{"rendered":"\n<p><\/p>\n\n<h1 class=\"wp-block-heading has-text-align-center\">Politique de confidentialit\u00e9<\/h1>\n\n<p><\/p>\n\n<p class=\"has-text-align-center\"><strong>Collecte et utilisation des donn\u00e9es personnelles<\/strong><br\/>Nous collectons et utilisons les donn\u00e9es personnelles suivantes via notre formulaire de contact : Nom, courriel, t\u00e9l\u00e9phone<br\/><\/p>\n\n<p class=\"has-text-align-center\">Ces donn\u00e9es sont collect\u00e9es dans le seul but de :<br\/>&#8211; R\u00e9pondre \u00e0 vos demandes de renseignements sur les biens immobiliers.<br\/>&#8211; Organiser des visites de biens immobiliers.<br\/><\/p>\n\n<p class=\"has-text-align-center\"><strong>Partage des donn\u00e9es<\/strong><br\/>Les donn\u00e9es personnelles collect\u00e9es sur ce site ne sont pas partag\u00e9es avec des tiers.<\/p>\n\n<p class=\"has-text-align-center\"><strong>P\u00e9riode de conservation des donn\u00e9es<\/strong><br\/>Les donn\u00e9es sont conserv\u00e9es pendant un an apr\u00e8s le dernier contact avec l&#8217;utilisateur, puis supprim\u00e9es en toute s\u00e9curit\u00e9.<\/p>\n\n<p class=\"has-text-align-center\"><strong>Transfert international de donn\u00e9es<\/strong><br\/>Les donn\u00e9es collect\u00e9es restent h\u00e9berg\u00e9es en Suisse et ne sont pas transf\u00e9r\u00e9es \u00e0 l&#8217;\u00e9tranger.<\/p>\n\n<p class=\"has-text-align-center\"><strong>Cookies et outils de suivi<\/strong><br\/>Notre site n&#8217;utilise pas de cookies ni d&#8217;outils de suivi tels que Google Analytics.<\/p>\n\n<p class=\"has-text-align-center\"><strong>Droits de l&#8217;utilisateur<\/strong><br\/>Conform\u00e9ment \u00e0 la loi sur la protection des donn\u00e9es (LPD), vous avez le droit de :<br\/>&#8211; Acc\u00e9der \u00e0 vos donn\u00e9es personnelles.<br\/>&#8211; Rectifier ou demander la suppression de vos donn\u00e9es.<br\/>&#8211; Retirer votre consentement \u00e0 tout moment.<br\/><\/p>\n\n<p class=\"has-text-align-center\">Pour exercer ces droits, veuillez nous contacter \u00e0 l&#8217;adresse suivante : contact@noblissime.ch.<\/p>\n\n<p class=\"has-text-align-center\"><\/p>\n","protected":false},"excerpt":{"rendered":"<p>Politique de confidentialit\u00e9 Collecte et utilisation des donn\u00e9es personnellesNous collectons et utilisons les donn\u00e9es personnelles suivantes via notre formulaire de contact : Nom, courriel, t\u00e9l\u00e9phone Ces donn\u00e9es sont collect\u00e9es dans le seul but de :&#8211; R\u00e9pondre \u00e0 vos demandes de renseignements sur les biens immobiliers.&#8211; Organiser des visites de biens immobiliers. Partage des donn\u00e9esLes donn\u00e9es [&hellip;]<\/p>\n","protected":false},"author":1,"featured_media":0,"parent":0,"menu_order":0,"comment_status":"closed","ping_status":"closed","template":"template\/template-onepage.php","meta":{"footnotes":""},"class_list":["post-19438","page","type-page","status-publish","hentry"],"_links":{"self":[{"href":"https:\/\/www.noblissime.ch\/fr\/wp-json\/wp\/v2\/pages\/19438","targetHints":{"allow":["GET"]}}],"collection":[{"href":"https:\/\/www.noblissime.ch\/fr\/wp-json\/wp\/v2\/pages"}],"about":[{"href":"https:\/\/www.noblissime.ch\/fr\/wp-json\/wp\/v2\/types\/page"}],"author":[{"embeddable":true,"href":"https:\/\/www.noblissime.ch\/fr\/wp-json\/wp\/v2\/users\/1"}],"replies":[{"embeddable":true,"href":"https:\/\/www.noblissime.ch\/fr\/wp-json\/wp\/v2\/comments?post=19438"}],"version-history":[{"count":6,"href":"https:\/\/www.noblissime.ch\/fr\/wp-json\/wp\/v2\/pages\/19438\/revisions"}],"predecessor-version":[{"id":19827,"href":"https:\/\/www.noblissime.ch\/fr\/wp-json\/wp\/v2\/pages\/19438\/revisions\/19827"}],"wp:attachment":[{"href":"https:\/\/www.noblissime.ch\/fr\/wp-json\/wp\/v2\/media?parent=19438"}],"curies":[{"name":"wp","href":"https:\/\/api.w.org\/{rel}","templated":true}]}}