{"id":19818,"date":"2024-10-24T12:52:39","date_gmt":"2024-10-24T11:52:39","guid":{"rendered":"https:\/\/www.noblissime.ch\/informations-juridiques\/"},"modified":"2024-10-24T18:21:58","modified_gmt":"2024-10-24T17:21:58","slug":"mentions-legales","status":"publish","type":"page","link":"https:\/\/www.noblissime.ch\/fr\/mentions-legales\/","title":{"rendered":"Mentions l\u00e9gales"},"content":{"rendered":"\n<p><\/p>\n\n<h1 class=\"wp-block-heading has-text-align-center\">Mentions l\u00e9gales<\/h1>\n\n<p><\/p>\n\n<p class=\"has-text-align-center\"><strong>NOBLISSIME SA<\/strong><br\/>Avenue Beauregard, 12<br\/>1700 Fribourg, Suisse<\/p>\n\n<p class=\"has-text-align-center\"><strong>Courriel <\/strong>: contact@noblissime.ch<\/p>\n\n<p class=\"has-text-align-center\"><strong>Num\u00e9ro d&#8217;identification de l&#8217;entreprise<\/strong>: CHE-489.455.315<\/p>\n\n<p class=\"has-text-align-center\"><strong>H\u00e9bergeur du site :<\/strong><br\/>Infomaniak Network SA<br\/>Rue Eug\u00e8ne-Marziano 25<br\/>1227 Les Acacias, Gen\u00e8ve, Suisse<\/p>\n\n<p><\/p>\n","protected":false},"excerpt":{"rendered":"<p>Mentions l\u00e9gales NOBLISSIME SAAvenue Beauregard, 121700 Fribourg, Suisse Courriel : contact@noblissime.ch Num\u00e9ro d&#8217;identification de l&#8217;entreprise: CHE-489.455.315 H\u00e9bergeur du site :Infomaniak Network SARue Eug\u00e8ne-Marziano 251227 Les Acacias, Gen\u00e8ve, Suisse<\/p>\n","protected":false},"author":1,"featured_media":0,"parent":0,"menu_order":0,"comment_status":"closed","ping_status":"closed","template":"template\/template-onepage.php","meta":{"footnotes":""},"class_list":["post-19818","page","type-page","status-publish","hentry"],"_links":{"self":[{"href":"https:\/\/www.noblissime.ch\/fr\/wp-json\/wp\/v2\/pages\/19818","targetHints":{"allow":["GET"]}}],"collection":[{"href":"https:\/\/www.noblissime.ch\/fr\/wp-json\/wp\/v2\/pages"}],"about":[{"href":"https:\/\/www.noblissime.ch\/fr\/wp-json\/wp\/v2\/types\/page"}],"author":[{"embeddable":true,"href":"https:\/\/www.noblissime.ch\/fr\/wp-json\/wp\/v2\/users\/1"}],"replies":[{"embeddable":true,"href":"https:\/\/www.noblissime.ch\/fr\/wp-json\/wp\/v2\/comments?post=19818"}],"version-history":[{"count":7,"href":"https:\/\/www.noblissime.ch\/fr\/wp-json\/wp\/v2\/pages\/19818\/revisions"}],"predecessor-version":[{"id":19872,"href":"https:\/\/www.noblissime.ch\/fr\/wp-json\/wp\/v2\/pages\/19818\/revisions\/19872"}],"wp:attachment":[{"href":"https:\/\/www.noblissime.ch\/fr\/wp-json\/wp\/v2\/media?parent=19818"}],"curies":[{"name":"wp","href":"https:\/\/api.w.org\/{rel}","templated":true}]}}